{"id":1116,"date":"2022-11-01T15:39:59","date_gmt":"2022-11-01T14:39:59","guid":{"rendered":"https:\/\/www.bgjd.de\/?page_id=1116"},"modified":"2025-12-02T14:22:40","modified_gmt":"2025-12-02T13:22:40","slug":"aktuell","status":"publish","type":"page","link":"https:\/\/www.bgjd.de\/gb\/","title":{"rendered":""},"content":{"rendered":"\n<h1 class=\"wp-block-heading\">Regelm\u00e4\u00dfige Veranstaltungen<\/h1>\n\n\n\n<h2 class=\"wp-block-heading\">Abendandacht auf Zoom<\/h2>\n\n\n\n<p><\/p>\n\n\n\n<p><strong>Jeden Dienstag um 18.30 Uhr<\/strong><br>Kurze Shin-buddhistische Zeremonie und Gespr\u00e4ch \u00fcber ein buddhistisches Thema<\/p>\n\n\n\n<p><a href=\"https:\/\/us02web.zoom.us\/j\/82296564969?pwd=WnlPT3pyVVlRdVFNVjY3K3V1eVBudz09\">https:\/\/us02web.zoom.us\/j\/82296564969?pwd=WnlPT3pyVVlRdVFNVjY3K3V1eVBudz09<\/a><br>Meeting ID: 822 9656 4969<br>Passcode: 257091<\/p>\n\n\n\n<h2 class=\"wp-block-heading\">Abendandacht am Hausaltar der Priesterwohnung&nbsp;<\/h2>\n\n\n\n<p><strong>Jeden Donnerstag um 18 Uhr<\/strong><br>Weitere Informationen: <a rel=\"noreferrer noopener\" href=\"https:\/\/eko-haus.de\/veranstaltungen\/buddhistische-veranstaltungen\/buddhistische-zeremonien\/\" target=\"_blank\">Link<\/a><\/p>\n\n\n\n<h2 class=\"wp-block-heading\">Andacht im EKO-Tempel (Pr\u00e4senz und Online)<\/h2>\n\n\n\n<p><strong>Sonntag um den 16. eines Monats herum um 10 Uhr<\/strong><br>Weitere Informationen: <a href=\"https:\/\/eko-haus.de\/veranstaltungen\/buddhistische-veranstaltungen\/buddhistische-zeremonien\/\" target=\"_blank\" rel=\"noreferrer noopener\">Informationen auf der Seite des EKO-Hauses<\/a><br>                                      <a href=\"https:\/\/www.eko-gemeinschaft.eu\/veranstaltungen\/\">Informationen und Links auf Seite der EKO-Gemeinschaft<\/a><\/p>\n\n\n\n<h2 class=\"wp-block-heading\">Lekt\u00fcre und Austausch via Teams<\/h2>\n\n\n\n<p><strong>Sonntags alle zwei Wochen um 10 Uhr <\/strong><br>Kontakt: G\u00fcnter Peters, jodoshinshu@gmx.net<\/p>\n\n\n\n<p><\/p>\n\n\n\n<hr class=\"wp-block-separator has-alpha-channel-opacity is-style-wide\"\/>\n\n\n\n<p><\/p>\n","protected":false},"excerpt":{"rendered":"<p>Regelm\u00e4\u00dfige Veranstaltungen Abendandacht auf Zoom Jeden Dienstag um 18.30 UhrKurze Shin-buddhistische Zeremonie und Gespr\u00e4ch \u00fcber ein buddhistisches Thema https:\/\/us02web.zoom.us\/j\/82296564969?pwd=WnlPT3pyVVlRdVFNVjY3K3V1eVBudz09Meeting ID: 822 9656 4969Passcode: 257091 Abendandacht am Hausaltar der Priesterwohnung&nbsp; Jeden Donnerstag um 18 UhrWeitere Informationen: Link Andacht im EKO-Tempel (Pr\u00e4senz und Online) Sonntag um den 16. eines Monats herum um 10 UhrWeitere Informationen: Informationen auf der Seite des EKO-Hauses Informationen und Links auf Seite der EKO-Gemeinschaft Lekt\u00fcre und Austausch via Teams Sonntags alle zwei Wochen um 10 Uhr Kontakt: G\u00fcnter Peters, jodoshinshu@gmx.net<\/p>\n","protected":false},"author":1,"featured_media":0,"parent":0,"menu_order":0,"comment_status":"closed","ping_status":"closed","template":"","meta":{"footnotes":""},"class_list":["post-1116","page","type-page","status-publish","hentry"],"translation":{"provider":"WPGlobus","version":"3.0.1","language":"gb","enabled_languages":["de","gb"],"languages":{"de":{"title":false,"content":true,"excerpt":false},"gb":{"title":false,"content":false,"excerpt":false}}},"_links":{"self":[{"href":"https:\/\/www.bgjd.de\/gb\/wp-json\/wp\/v2\/pages\/1116","targetHints":{"allow":["GET"]}}],"collection":[{"href":"https:\/\/www.bgjd.de\/gb\/wp-json\/wp\/v2\/pages"}],"about":[{"href":"https:\/\/www.bgjd.de\/gb\/wp-json\/wp\/v2\/types\/page"}],"author":[{"embeddable":true,"href":"https:\/\/www.bgjd.de\/gb\/wp-json\/wp\/v2\/users\/1"}],"replies":[{"embeddable":true,"href":"https:\/\/www.bgjd.de\/gb\/wp-json\/wp\/v2\/comments?post=1116"}],"version-history":[{"count":23,"href":"https:\/\/www.bgjd.de\/gb\/wp-json\/wp\/v2\/pages\/1116\/revisions"}],"predecessor-version":[{"id":1539,"href":"https:\/\/www.bgjd.de\/gb\/wp-json\/wp\/v2\/pages\/1116\/revisions\/1539"}],"wp:attachment":[{"href":"https:\/\/www.bgjd.de\/gb\/wp-json\/wp\/v2\/media?parent=1116"}],"curies":[{"name":"wp","href":"https:\/\/api.w.org\/{rel}","templated":true}]}}