{"id":804,"date":"2020-10-04T18:30:30","date_gmt":"2020-10-04T16:30:30","guid":{"rendered":"https:\/\/www.bgjd.de\/?page_id=804"},"modified":"2021-02-21T17:49:51","modified_gmt":"2021-02-21T16:49:51","slug":"was-ist-shin-buddhismus","status":"publish","type":"page","link":"https:\/\/www.bgjd.de\/gb\/was-ist-shin-buddhismus\/","title":{"rendered":"What is Shin Buddhism?"},"content":{"rendered":"\n<p>The The <strong>J\u014ddo Shinsh\u016b<\/strong> (&#8220;True Essence of the Pure Land Way&#8221;) was founded by Shinran Sh\u014dnin in the 13th century. It is a denomination for Buddhist lay people who completely entrust themselves to the other Power of the Buddha. Although J\u014ddo Shinsh\u016b is the Buddhist denomination with the most followers in Japan it is quite unknown in the West. One of the first who introduced Shinran&#8217;s teachings to Western people was Daisetsu Suzuki (1870-1966), the great transmitter of Zen Buddhism. From him stems also the English term &#8220;Shin Buddhism&#8221;.<\/p>\n\n\n\n<p>The <strong>BGJ-D e.V.<\/strong> (Buddhist Association Jodo Shinshu in Germany [registered association]) is due to German legal definition a &#8220;registered association working on public good&#8221; (&#8220;gemeinn\u00fctziger eingetragener Verein&#8221;) that persues the goal to explain the J\u014ddo Shinsh\u016b within the framework of Buddhism in general and Japanese culture in pariticular, and to make it understandable to people in Germany. The association intends not only to deepen the understandig of Shin Buddhist teachings in Germany, but also is making effort to promote mutual understanding between peoples of different nation and religious conviction. (statute \u00a7 2) As a member of two Buddhist umbrella organziations, the German Buddhist Union and the European Buddhist Union, the BGJ-D promotes cooperation between various all Buddhist denominations transmitted to Europe.<\/p>\n\n\n\n<p><a href=\"https:\/\/www.bgjd.de\/gb\/der-gruender-shinran-shonin\/\">Next<\/a><\/p>\n","protected":false},"excerpt":{"rendered":"<p>The The J\u014ddo Shinsh\u016b (&#8220;True Essence of the Pure Land Way&#8221;) was founded by Shinran Sh\u014dnin in the 13th century. It is a denomination for Buddhist lay people who completely entrust themselves to the other Power of the Buddha. Although J\u014ddo Shinsh\u016b is the Buddhist denomination with the most followers in Japan it is quite unknown in the West. One of the first who introduced Shinran&#8217;s teachings to Western people was Daisetsu Suzuki (1870-1966), the great transmitter of Zen Buddhism. From him stems also the English term &#8220;Shin Buddhism&#8221;. The BGJ-D e.V. (Buddhist Association Jodo Shinshu in Germany [registered association]) is due to German legal definition a &#8220;registered association working on public good&#8221; (&#8220;gemeinn\u00fctziger eingetragener Verein&#8221;) that persues the goal to explain the J\u014ddo Shinsh\u016b within the framework of Buddhism in general and Japanese culture in pariticular, and to make it understandable to people in Germany. The association intends not only to deepen the understandig of Shin Buddhist teachings in Germany, but also is making effort to promote mutual understanding between peoples of different nation and religious conviction. (statute \u00a7 2) As a member of two Buddhist umbrella organziations, the German Buddhist Union and the European Buddhist Union, the BGJ-D promotes cooperation between various all Buddhist denominations transmitted to Europe. Next<\/p>\n","protected":false},"author":1,"featured_media":0,"parent":0,"menu_order":0,"comment_status":"closed","ping_status":"closed","template":"","meta":{"footnotes":""},"class_list":["post-804","page","type-page","status-publish","hentry"],"translation":{"provider":"WPGlobus","version":"3.0.1","language":"gb","enabled_languages":["de","gb"],"languages":{"de":{"title":true,"content":true,"excerpt":false},"gb":{"title":true,"content":true,"excerpt":false}}},"_links":{"self":[{"href":"https:\/\/www.bgjd.de\/gb\/wp-json\/wp\/v2\/pages\/804","targetHints":{"allow":["GET"]}}],"collection":[{"href":"https:\/\/www.bgjd.de\/gb\/wp-json\/wp\/v2\/pages"}],"about":[{"href":"https:\/\/www.bgjd.de\/gb\/wp-json\/wp\/v2\/types\/page"}],"author":[{"embeddable":true,"href":"https:\/\/www.bgjd.de\/gb\/wp-json\/wp\/v2\/users\/1"}],"replies":[{"embeddable":true,"href":"https:\/\/www.bgjd.de\/gb\/wp-json\/wp\/v2\/comments?post=804"}],"version-history":[{"count":6,"href":"https:\/\/www.bgjd.de\/gb\/wp-json\/wp\/v2\/pages\/804\/revisions"}],"predecessor-version":[{"id":974,"href":"https:\/\/www.bgjd.de\/gb\/wp-json\/wp\/v2\/pages\/804\/revisions\/974"}],"wp:attachment":[{"href":"https:\/\/www.bgjd.de\/gb\/wp-json\/wp\/v2\/media?parent=804"}],"curies":[{"name":"wp","href":"https:\/\/api.w.org\/{rel}","templated":true}]}}