{"id":825,"date":"2020-10-04T20:30:45","date_gmt":"2020-10-04T18:30:45","guid":{"rendered":"https:\/\/www.bgjd.de\/?page_id=825"},"modified":"2024-03-15T09:53:35","modified_gmt":"2024-03-15T08:53:35","slug":"ueber-uns","status":"publish","type":"page","link":"https:\/\/www.bgjd.de\/gb\/ueber-uns\/","title":{"rendered":"\u00dcber uns"},"content":{"rendered":"<div class=\"wp-block-image\">\n<figure class=\"aligncenter size-large\"><img loading=\"lazy\" decoding=\"async\" width=\"200\" height=\"362\" src=\"https:\/\/www.bgjd.de\/wp-content\/uploads\/2021\/01\/amida3.jpg\" alt=\"\" class=\"wp-image-869\" srcset=\"https:\/\/www.bgjd.de\/wp-content\/uploads\/2021\/01\/amida3.jpg 200w, https:\/\/www.bgjd.de\/wp-content\/uploads\/2021\/01\/amida3-166x300.jpg 166w\" sizes=\"auto, (max-width: 200px) 100vw, 200px\" \/><\/figure>\n<\/div>\n\n\n<p class=\"has-drop-cap\">Die <strong>J\u014ddo Shinsh\u016b<\/strong> (&#8220;Schule der wahren Essenz der Reines-Land-Lehre&#8221;) wurde im 13. Jahrhundert von  Shinran Sh\u014dnin begr\u00fcndet. Sie ist eine Form des Buddhismus,   deren Anh\u00e4nger sich ganz der rettenden Kraft des &#8220;Buddha des Unermesslichen Lebens bzw. Lichtes&#8221; (Amida) anvertrauen.    Obwohl die J\u014ddo Shinsh\u016b in Japan die anh\u00e4ngerreichste buddhistische Str\u00f6mung ist,    ist sie im Westen noch wenig bekannt. Zun\u00e4chst hat sie Suzuki Daisetsu (1870-1966),     der gro\u00dfe Vermittler des Zen-Buddhismus, dem westlichen Publikum in einf\u00fchrenden      Schriften und \u00dcbersetzungen nahegebracht. Von ihm stammt auch der Begriff des      &#8220;Shin-Buddhismus&#8221; (Shin Buddhism). <\/p>\n\n\n\n<p>Die <strong>Buddhistische Gemeinschaft J\u014ddo Shinsh\u016b -Deutschland (BGJ-D)<\/strong>  wurde 1956 gegr\u00fcndet und verfolgt als eingetragener gemeinn\u00fctziger  Verein das Ziel, die J\u014ddo Shinsh\u016b im Rahmen des Buddhismus im  Allgemeinen und der Kultur Japans im Besonderen zu erkl\u00e4ren und den  Menschen in Deutschland verst\u00e4ndlich zu machen. Der Verein m\u00f6chte nicht nur die Kenntnis der shin-buddhistischen Lehre  in Deutschland vertiefen, sondern er setzt sich auch f\u00fcr die  Verst\u00e4ndigung zwischen Menschen verschiedener Nationen und religi\u00f6ser  \u00dcberzeugungen ein (siehe Satzung \u00a72). Als Mitglied der Deutschen und der Europ\u00e4ischen Buddhistischen Union  setzt er sich f\u00fcr ein Zusammenwirken der verschiedenen nach Europa  \u00fcberlieferten Formen des Buddhismus ein. <\/p>\n\n\n\n<h2 class=\"wp-block-heading\">Dharmazentren<\/h2>\n\n\n\n<figure class=\"wp-block-image size-full\"><img loading=\"lazy\" decoding=\"async\" width=\"345\" height=\"518\" src=\"https:\/\/www.bgjd.de\/wp-content\/uploads\/2023\/07\/Adressen-1.jpg\" alt=\"\" class=\"wp-image-1152\" srcset=\"https:\/\/www.bgjd.de\/wp-content\/uploads\/2023\/07\/Adressen-1.jpg 345w, https:\/\/www.bgjd.de\/wp-content\/uploads\/2023\/07\/Adressen-1-200x300.jpg 200w\" sizes=\"auto, (max-width: 345px) 100vw, 345px\" \/><\/figure>\n","protected":false},"excerpt":{"rendered":"<p>Die J\u014ddo Shinsh\u016b (&#8220;Schule der wahren Essenz der Reines-Land-Lehre&#8221;) wurde im 13. Jahrhundert von Shinran Sh\u014dnin begr\u00fcndet. Sie ist eine Form des Buddhismus, deren Anh\u00e4nger sich ganz der rettenden Kraft des &#8220;Buddha des Unermesslichen Lebens bzw. Lichtes&#8221; (Amida) anvertrauen. Obwohl die J\u014ddo Shinsh\u016b in Japan die anh\u00e4ngerreichste buddhistische Str\u00f6mung ist, ist sie im Westen noch wenig bekannt. Zun\u00e4chst hat sie Suzuki Daisetsu (1870-1966), der gro\u00dfe Vermittler des Zen-Buddhismus, dem westlichen Publikum in einf\u00fchrenden Schriften und \u00dcbersetzungen nahegebracht. Von ihm stammt auch der Begriff des &#8220;Shin-Buddhismus&#8221; (Shin Buddhism). Die Buddhistische Gemeinschaft J\u014ddo Shinsh\u016b -Deutschland (BGJ-D) wurde 1956 gegr\u00fcndet und verfolgt als eingetragener gemeinn\u00fctziger Verein das Ziel, die J\u014ddo Shinsh\u016b im Rahmen des Buddhismus im Allgemeinen und der Kultur Japans im Besonderen zu erkl\u00e4ren und den Menschen in Deutschland verst\u00e4ndlich zu machen. Der Verein m\u00f6chte nicht nur die Kenntnis der shin-buddhistischen Lehre in Deutschland vertiefen, sondern er setzt sich auch f\u00fcr die Verst\u00e4ndigung zwischen Menschen verschiedener Nationen und religi\u00f6ser \u00dcberzeugungen ein (siehe Satzung \u00a72). Als Mitglied der Deutschen und der Europ\u00e4ischen Buddhistischen Union setzt er sich f\u00fcr ein Zusammenwirken der verschiedenen nach Europa \u00fcberlieferten Formen des Buddhismus ein. Dharmazentren<\/p>\n","protected":false},"author":1,"featured_media":0,"parent":0,"menu_order":0,"comment_status":"closed","ping_status":"closed","template":"","meta":{"footnotes":""},"class_list":["post-825","page","type-page","status-publish","hentry"],"translation":{"provider":"WPGlobus","version":"3.0.1","language":"gb","enabled_languages":["de","gb"],"languages":{"de":{"title":true,"content":true,"excerpt":false},"gb":{"title":false,"content":false,"excerpt":false}}},"_links":{"self":[{"href":"https:\/\/www.bgjd.de\/gb\/wp-json\/wp\/v2\/pages\/825","targetHints":{"allow":["GET"]}}],"collection":[{"href":"https:\/\/www.bgjd.de\/gb\/wp-json\/wp\/v2\/pages"}],"about":[{"href":"https:\/\/www.bgjd.de\/gb\/wp-json\/wp\/v2\/types\/page"}],"author":[{"embeddable":true,"href":"https:\/\/www.bgjd.de\/gb\/wp-json\/wp\/v2\/users\/1"}],"replies":[{"embeddable":true,"href":"https:\/\/www.bgjd.de\/gb\/wp-json\/wp\/v2\/comments?post=825"}],"version-history":[{"count":5,"href":"https:\/\/www.bgjd.de\/gb\/wp-json\/wp\/v2\/pages\/825\/revisions"}],"predecessor-version":[{"id":1289,"href":"https:\/\/www.bgjd.de\/gb\/wp-json\/wp\/v2\/pages\/825\/revisions\/1289"}],"wp:attachment":[{"href":"https:\/\/www.bgjd.de\/gb\/wp-json\/wp\/v2\/media?parent=825"}],"curies":[{"name":"wp","href":"https:\/\/api.w.org\/{rel}","templated":true}]}}