{"id":891,"date":"2021-01-30T21:12:18","date_gmt":"2021-01-30T20:12:18","guid":{"rendered":"https:\/\/www.bgjd.de\/?page_id=891"},"modified":"2022-11-01T16:00:08","modified_gmt":"2022-11-01T15:00:08","slug":"mediathek","status":"publish","type":"page","link":"https:\/\/www.bgjd.de\/gb\/mediathek\/","title":{"rendered":"Mediathek"},"content":{"rendered":"\n<div class=\"wp-block-image\"><figure class=\"aligncenter size-large\"><img loading=\"lazy\" decoding=\"async\" width=\"390\" height=\"284\" src=\"https:\/\/www.bgjd.de\/wp-content\/uploads\/2021\/01\/image_texte.jpg\" alt=\"\" class=\"wp-image-892\" srcset=\"https:\/\/www.bgjd.de\/wp-content\/uploads\/2021\/01\/image_texte.jpg 390w, https:\/\/www.bgjd.de\/wp-content\/uploads\/2021\/01\/image_texte-300x218.jpg 300w\" sizes=\"auto, (max-width: 390px) 100vw, 390px\" \/><\/figure><\/div>\n\n\n\n<h2 class=\"wp-block-heading\">Net-Texte<\/h2>\n\n\n\n<p class=\"has-vivid-red-color has-text-color\">Einige Mitglieder haben die &#8220;alten Texte&#8221; (Erkl\u00e4rungen, Dharma-Talks, deutsche \u00dcbersetzungen usw.) vermisst. Sie befinden sich im Archiv. An einer einfacheren L\u00f6sung wird gearbeitet. Aber hier noch einmal der Link:<\/p>\n\n\n\n<p class=\"has-luminous-vivid-amber-color has-text-color\"><br><a href=\"https:\/\/www.bgjd.de\/BGJD-Archive\/2017\/d_texte.html\" data-type=\"URL\" data-id=\"https:\/\/www.bgjd.de\/BGJD-Archive\/2017\/d_texte.html\"> Link zu den Net-Texten<\/a><\/p>\n\n\n\n<h2 class=\"wp-block-heading\">Facebook<\/h2>\n\n\n\n<p><a href=\"https:\/\/www.facebook.com\/groups\/306942929428260\/\">Facebook-Gruppe der BGJ-D<\/a><\/p>\n\n\n\n<h2 class=\"wp-block-heading\">Youtube-Kan\u00e4le<\/h2>\n\n\n\n<p><a href=\"https:\/\/studio.youtube.com\/channel\/UCSdmSqxatt3zWgmom2TbPgw\">EKO-Gemeinschaft der Europ\u00e4ischen Shin-Buddhisten<\/a><\/p>\n\n\n\n<p><a href=\"https:\/\/www.youtube.com\/channel\/UCy7fZZ798NM6Vu0NN0rKc0Q\">Shaku Jochis Youtube-Kanal<\/a><\/p>\n\n\n\n<h2 class=\"wp-block-heading\">Publikationen<\/h2>\n\n\n\n<p><strong>Im Buchhandel bestellbar:<\/strong><\/p>\n\n\n\n<p>Shin-buddhistisches Andachtsbuch\n\u00fcbers. und hrsg. von Marc Nottelmann-Feil<br>\nBooks on Demand, Norderstedt, 2014 &#8211; gebunden, 120 S.<br>\n19,90 \u20ac\n\n<\/p>\n\n\n\n<p>Das Shin-buddhistische Andachtsbuch enth\u00e4lt \nalle Rezitationen, die an einem Shin-buddhistischen Tempel wie dem \nEK\u014c-Tempel in D\u00fcsseldorf im Jahreskreislauf stattfinden, sowie die \nbekanntesten kleineren Rezitationen. Der japanische bzw. sino-japanische\n Text ist mit deutscher \u00dcbersetzung unterlegt und ggf. mit Noten \nversehen. Das Buch ist f\u00fcr den Gebrauch bei einer Zeremonie oder \nprivaten Andacht bestimmt, eignet sich aber auch als Lekt\u00fcre zum \nKennenlernen von einigen der wichtigsten Shin-buddhistischen Texte.\n<\/p>\n\n\n\n<p>Shinrans Buddhismus der Fremdkraft\nvon Tan Sonoda<br>\nBooks on Demand, Norderstedt, 2014 &#8211; Paperback, 173 S.<br>\n9,90\u20ac\n\n<\/p>\n\n\n\n<p>Tan Sonoda ist Religionswissenschaftler und \nShin-buddhistischer Priester, er lehrte an verschiedenen renommierten \nUniversit\u00e4ten in Japan.\nDas vorliegende Buch entstand aus drei aufeinander folgenden \nVortragsreihen, die Prof. Sonoda am EK\u014c-Haus in D\u00fcsseldorf jeweils zum \nH\u014donko\u014d-Fest hielt. Es ist eine philosophische Einf\u00fchrung in einige \nGrundkonzepte des Shin-Buddhismus, und wendet sich an Laien, die zum \nNachdenken \u00fcber den Shin-Buddhismus aus einer allgemein \nreligionswissenschaftlichen Persepektive bereit sind. Im letzten Teil \nverl\u00e4sst der Autor unter dem Eindruck der Tsunamikatastrophe in Japan \nden Shin-buddhistischen Rahmen, und wendet sich der Frage zu, ob nicht \neine Krise des Welt- und Menschenbildes im Hintergrund der heutigen \nweltweiten Probleme steht.\nEin Glossar der japanischen Fachbegriffe, mit dem man den Gedankengang \nnoch einmal rekapitulieren kann, schlie\u00dft das Werk ab.<\/p>\n\n\n\n<p><strong>\u00dcber die BGJ-D bestellbar: <\/strong><\/p>\n\n\n\n<p>Folgende Schriften aus der Reihe der International Association of Buddhist Culture k\u00f6nnen ab sofort \u00fcber uns bezogen werden: <\/p>\n\n\n\n<p>Inagaki, Isao: <em>Shinran und J\u014ddoshinsh\u016b<\/em><\/p>\n\n\n\n<p class=\"has-small-font-size\">Antrittsvorlesung am Numata Lehrstuhl der Universit\u00e4t Leiden. \u00dcbersetzt von D. Kell und G. Kell &#8211; 4 \u20ac<\/p>\n\n\n\n<p>Shinran Sh\u014dnin: Tannish\u014d. : <em>Klage \u00fcber die abweichenden Ansichten<\/em><\/p>\n\n\n\n<p class=\"has-small-font-size\">Eingeleitet, aus dem Englischen \u00fcbertragen und kommentiert von Shaku Kakuryo G. Kell &#8211; 15 \u20ac<\/p>\n\n\n\n<p>Shinran Sh\u014dnin: Sh\u014dshinge. <em>Hymne \u00fcber das wahre Vertrauen in das Nembutsu<\/em><\/p>\n\n\n\n<p class=\"has-small-font-size\">Eingeleitet, aus dem Englischen \u00fcbersetzt und mit Anmerkungen versehen von Shaku Kakury\u014d G. Kell &#8211; 15 \u20ac<\/p>\n\n\n\n<p>Shinran Sh\u014dnin: <em>J\u014ddo Wasan. Hymnen \u00fcber das Reine Land<\/em><\/p>\n\n\n\n<p class=\"has-small-font-size\">Eingeleitet, aus dem Englischen \u00fcbersetzt und mit Anmerkungen versehen von Shaku Kakury\u014d G. Kell &#8211; 20 \u20ac<\/p>\n\n\n\n<p>Shinran Sh\u014dnin: <em>K\u014ds\u014d Wasan. Hymnen \u00fcber die Patriarchen<\/em><\/p>\n\n\n\n<p class=\"has-small-font-size\">Eingeleitet und aus dem Englischen \u00fcbertragen und kommentiert von Shaku Kakuryo G. Kell &#8211; 20 \u20ac<\/p>\n\n\n\n<p>Shinran Sh\u014dnin: <em>Shozomatsu Wasan. Hymnen \u00fcber das Zeitalter des Rechten, Nachgeahmten und Untergehenden Dharma<\/em><\/p>\n\n\n\n<p class=\"has-small-font-size\">Eingeleitet und aus dem Englischen \u00fcbertragen von Shaku Kakuryo G. Kell &#8211; 20 \u20ac<br><\/p>\n\n\n\n<p><strong>Poetry<\/strong><\/p>\n\n\n\n<p>Marcus Cumberlege:<em> In a Nutshell. Shin Buddhist Poems<\/em> (Brugge: Meyfroodt-Productions, 2009)<\/p>\n\n\n\n<p class=\"has-small-font-size\">With an introduction in Dutch by Martine Strubbe &#8211; 10 \u20ac<\/p>\n\n\n\n<p>Andere empfehlenswerte Werke von Marcus Cumberleges \nsind: JAIA (2005), The White Lady (2007), Leaves Painted Gold (2009) und\n Selected Poems (2010)<br><\/p>\n\n\n\n<p class=\"has-normal-font-size\"> <strong>Richten Sie Ihre Bestellung bitte an folgende E-Mail:<br> E-Mail: nottelmann [at] eko-haus.de<br> Bei allen Bestellungen berechnen wir eine Pauschale von 3 \u20ac f\u00fcr die Versandkosten. <\/strong><br><\/p>\n","protected":false},"excerpt":{"rendered":"<p>Net-Texte Einige Mitglieder haben die &#8220;alten Texte&#8221; (Erkl\u00e4rungen, Dharma-Talks, deutsche \u00dcbersetzungen usw.) vermisst. Sie befinden sich im Archiv. An einer einfacheren L\u00f6sung wird gearbeitet. Aber hier noch einmal der Link: Link zu den Net-Texten Facebook Facebook-Gruppe der BGJ-D Youtube-Kan\u00e4le EKO-Gemeinschaft der Europ\u00e4ischen Shin-Buddhisten Shaku Jochis Youtube-Kanal Publikationen Im Buchhandel bestellbar: Shin-buddhistisches Andachtsbuch \u00fcbers. und hrsg. von Marc Nottelmann-Feil Books on Demand, Norderstedt, 2014 &#8211; gebunden, 120 S. 19,90 \u20ac Das Shin-buddhistische Andachtsbuch enth\u00e4lt alle Rezitationen, die an einem Shin-buddhistischen Tempel wie dem EK\u014c-Tempel in D\u00fcsseldorf im Jahreskreislauf stattfinden, sowie die bekanntesten kleineren Rezitationen. Der japanische bzw. sino-japanische Text ist mit deutscher \u00dcbersetzung unterlegt und ggf. mit Noten versehen. Das Buch ist f\u00fcr den Gebrauch bei einer Zeremonie oder privaten Andacht bestimmt, eignet sich aber auch als Lekt\u00fcre zum Kennenlernen von einigen der wichtigsten Shin-buddhistischen Texte. Shinrans Buddhismus der Fremdkraft von Tan Sonoda Books on Demand, Norderstedt, 2014 &#8211; Paperback, 173 S. 9,90\u20ac Tan Sonoda ist Religionswissenschaftler und Shin-buddhistischer Priester, er lehrte an verschiedenen renommierten Universit\u00e4ten in Japan. Das vorliegende Buch entstand aus drei aufeinander folgenden Vortragsreihen, die Prof. Sonoda am EK\u014c-Haus in D\u00fcsseldorf jeweils zum H\u014donko\u014d-Fest hielt. Es ist eine philosophische Einf\u00fchrung in einige Grundkonzepte des Shin-Buddhismus, und wendet sich an Laien, die zum Nachdenken \u00fcber den Shin-Buddhismus aus einer allgemein religionswissenschaftlichen Persepektive bereit sind. Im letzten Teil verl\u00e4sst der Autor unter dem Eindruck der Tsunamikatastrophe in Japan den Shin-buddhistischen Rahmen, und wendet sich der Frage zu, ob nicht eine Krise des Welt- und Menschenbildes im Hintergrund der heutigen weltweiten Probleme steht. Ein Glossar der japanischen Fachbegriffe, mit dem man den Gedankengang noch einmal rekapitulieren kann, schlie\u00dft das Werk ab. \u00dcber die BGJ-D bestellbar: Folgende Schriften aus der Reihe der International Association of Buddhist Culture k\u00f6nnen ab sofort \u00fcber uns bezogen werden: Inagaki, Isao: Shinran und J\u014ddoshinsh\u016b Antrittsvorlesung am Numata Lehrstuhl der Universit\u00e4t Leiden. \u00dcbersetzt von D. Kell und G. Kell &#8211; 4 \u20ac Shinran Sh\u014dnin: Tannish\u014d. : Klage \u00fcber die abweichenden Ansichten Eingeleitet, aus dem Englischen \u00fcbertragen und kommentiert von Shaku Kakuryo G. Kell &#8211; 15 \u20ac Shinran Sh\u014dnin: Sh\u014dshinge. Hymne \u00fcber das wahre Vertrauen in das Nembutsu Eingeleitet, aus dem Englischen \u00fcbersetzt und mit Anmerkungen versehen von Shaku Kakury\u014d G. Kell &#8211; 15 \u20ac Shinran Sh\u014dnin: J\u014ddo Wasan. Hymnen \u00fcber das Reine Land Eingeleitet, aus dem Englischen \u00fcbersetzt und mit Anmerkungen versehen von Shaku Kakury\u014d G. Kell &#8211; 20 \u20ac Shinran Sh\u014dnin: K\u014ds\u014d Wasan. Hymnen \u00fcber die Patriarchen Eingeleitet und aus dem Englischen \u00fcbertragen und kommentiert von Shaku Kakuryo G. Kell &#8211; 20 \u20ac Shinran Sh\u014dnin: Shozomatsu Wasan. Hymnen \u00fcber das Zeitalter des Rechten, Nachgeahmten und Untergehenden Dharma Eingeleitet und aus dem Englischen \u00fcbertragen von Shaku Kakuryo G. Kell &#8211; 20 \u20ac Poetry Marcus Cumberlege: In a Nutshell. Shin Buddhist Poems (Brugge: Meyfroodt-Productions, 2009) With an introduction in Dutch by Martine Strubbe &#8211; 10 \u20ac Andere empfehlenswerte Werke von Marcus Cumberleges sind: JAIA (2005), The White Lady (2007), Leaves Painted Gold (2009) und Selected Poems (2010) Richten Sie Ihre Bestellung bitte an folgende E-Mail: E-Mail: nottelmann [at] eko-haus.de Bei allen Bestellungen berechnen wir eine Pauschale von 3 \u20ac f\u00fcr die Versandkosten.<\/p>\n","protected":false},"author":1,"featured_media":0,"parent":0,"menu_order":0,"comment_status":"closed","ping_status":"closed","template":"","meta":{"footnotes":""},"class_list":["post-891","page","type-page","status-publish","hentry"],"translation":{"provider":"WPGlobus","version":"3.0.1","language":"gb","enabled_languages":["de","gb"],"languages":{"de":{"title":true,"content":true,"excerpt":false},"gb":{"title":false,"content":false,"excerpt":false}}},"_links":{"self":[{"href":"https:\/\/www.bgjd.de\/gb\/wp-json\/wp\/v2\/pages\/891","targetHints":{"allow":["GET"]}}],"collection":[{"href":"https:\/\/www.bgjd.de\/gb\/wp-json\/wp\/v2\/pages"}],"about":[{"href":"https:\/\/www.bgjd.de\/gb\/wp-json\/wp\/v2\/types\/page"}],"author":[{"embeddable":true,"href":"https:\/\/www.bgjd.de\/gb\/wp-json\/wp\/v2\/users\/1"}],"replies":[{"embeddable":true,"href":"https:\/\/www.bgjd.de\/gb\/wp-json\/wp\/v2\/comments?post=891"}],"version-history":[{"count":8,"href":"https:\/\/www.bgjd.de\/gb\/wp-json\/wp\/v2\/pages\/891\/revisions"}],"predecessor-version":[{"id":1128,"href":"https:\/\/www.bgjd.de\/gb\/wp-json\/wp\/v2\/pages\/891\/revisions\/1128"}],"wp:attachment":[{"href":"https:\/\/www.bgjd.de\/gb\/wp-json\/wp\/v2\/media?parent=891"}],"curies":[{"name":"wp","href":"https:\/\/api.w.org\/{rel}","templated":true}]}}