{"id":902,"date":"2021-01-31T11:26:48","date_gmt":"2021-01-31T10:26:48","guid":{"rendered":"https:\/\/www.bgjd.de\/?page_id=902"},"modified":"2022-06-25T13:06:07","modified_gmt":"2022-06-25T11:06:07","slug":"links","status":"publish","type":"page","link":"https:\/\/www.bgjd.de\/gb\/links\/","title":{"rendered":"Links"},"content":{"rendered":"\n<h2 class=\"wp-block-heading\">Links in general<\/h2>\n\n\n\n<h3 class=\"wp-block-heading\">Organizations<\/h3>\n\n\n\n<p>Deutsche Buddhistische Union <a href=\"http:\/\/www.dharma.de\">www.dharma.de<\/a><\/p>\n\n\n\n<p>Europ\u00e4ische Buddhistische Union <a href=\"http:\/\/www.e-b-u.org\/ge\/home.html\">www.e-b-u.org\/ge\/home.html<\/a><\/p>\n\n\n\n<h3 class=\"wp-block-heading\">Partners <\/h3>\n\n\n\n<p>EK\u014c-Haus der Japanischen Kultur e.V. <a href=\"http:\/\/www.eko-haus.de\">www.eko-haus.de<\/a><\/p>\n\n\n\n<h3 class=\"wp-block-heading\">Foreign J\u014ddo-Shinsh\u016b-Sanghas (websites with German content)<\/h3>\n\n\n\n<p>\u00d6sterreichische J\u014ddo Shinsh\u016b <a href=\"http:\/\/www.jodoshinshu.at\">www.jodoshinshu.at<\/a><\/p>\n\n\n\n<p>Polnische J\u014ddo Shinsh\u016b <a href=\"http:\/\/www.jodoshinshu.pl\/jodogr\/index.htm\">www.jodoshinshu.pl<\/a><\/p>\n\n\n\n<p>\u2013 auch mit deutschsprachigen und englischen Inhalten \u2013<\/p>\n\n\n\n<h3 class=\"wp-block-heading\">Other texts<\/h3>\n\n\n\n<p>Pure Land Buddhism WWW Virtual Library <a href=\"http:\/\/www.pitaka.ch\/shinshu.htm\">www.pitaka.ch\/shinshu.htm<\/a><\/p>\n\n\n\n<p>\u2013 mit einigen deutschen Texten u.a. von Harry Pieper \u2013 \u00a9 Buddhistische Gemeinschaft Jodo Shinshu Deutschland 2021<\/p>\n\n\n\n<ul class=\"wp-block-list\" id=\"footer-menu\"><li><a href=\"https:\/\/www.bgjd.de\/datenschutzerklaerung\/\">Datenschutzerkl\u00e4rung<\/a><\/li><li><a href=\"https:\/\/www.bgjd.de\/impressum-2\/\">Impressum<\/a><\/li><\/ul>\n\n\n\n<p>Ashe Theme von <a href=\"https:\/\/wp-royal.com\/\">WP Royal<\/a>.<\/p>\n","protected":false},"excerpt":{"rendered":"<p>Links in general Organizations Deutsche Buddhistische Union www.dharma.de Europ\u00e4ische Buddhistische Union www.e-b-u.org\/ge\/home.html Partners EK\u014c-Haus der Japanischen Kultur e.V. www.eko-haus.de Foreign J\u014ddo-Shinsh\u016b-Sanghas (websites with German content) \u00d6sterreichische J\u014ddo Shinsh\u016b www.jodoshinshu.at Polnische J\u014ddo Shinsh\u016b www.jodoshinshu.pl \u2013 auch mit deutschsprachigen und englischen Inhalten \u2013 Other texts Pure Land Buddhism WWW Virtual Library www.pitaka.ch\/shinshu.htm \u2013 mit einigen deutschen Texten u.a. von Harry Pieper \u2013 \u00a9 Buddhistische Gemeinschaft Jodo Shinshu Deutschland 2021 Datenschutzerkl\u00e4rung Impressum Ashe Theme von WP Royal.<\/p>\n","protected":false},"author":1,"featured_media":0,"parent":0,"menu_order":0,"comment_status":"closed","ping_status":"closed","template":"","meta":{"footnotes":""},"class_list":["post-902","page","type-page","status-publish","hentry"],"translation":{"provider":"WPGlobus","version":"3.0.1","language":"gb","enabled_languages":["de","gb"],"languages":{"de":{"title":true,"content":true,"excerpt":false},"gb":{"title":true,"content":true,"excerpt":false}}},"_links":{"self":[{"href":"https:\/\/www.bgjd.de\/gb\/wp-json\/wp\/v2\/pages\/902","targetHints":{"allow":["GET"]}}],"collection":[{"href":"https:\/\/www.bgjd.de\/gb\/wp-json\/wp\/v2\/pages"}],"about":[{"href":"https:\/\/www.bgjd.de\/gb\/wp-json\/wp\/v2\/types\/page"}],"author":[{"embeddable":true,"href":"https:\/\/www.bgjd.de\/gb\/wp-json\/wp\/v2\/users\/1"}],"replies":[{"embeddable":true,"href":"https:\/\/www.bgjd.de\/gb\/wp-json\/wp\/v2\/comments?post=902"}],"version-history":[{"count":11,"href":"https:\/\/www.bgjd.de\/gb\/wp-json\/wp\/v2\/pages\/902\/revisions"}],"predecessor-version":[{"id":1113,"href":"https:\/\/www.bgjd.de\/gb\/wp-json\/wp\/v2\/pages\/902\/revisions\/1113"}],"wp:attachment":[{"href":"https:\/\/www.bgjd.de\/gb\/wp-json\/wp\/v2\/media?parent=902"}],"curies":[{"name":"wp","href":"https:\/\/api.w.org\/{rel}","templated":true}]}}